{"id":151,"date":"2025-05-22T12:54:51","date_gmt":"2025-05-22T12:54:51","guid":{"rendered":"https:\/\/ozangroupsavunma.com.tr\/?page_id=151"},"modified":"2025-05-27T09:25:05","modified_gmt":"2025-05-27T09:25:05","slug":"hakkimizda","status":"publish","type":"page","link":"https:\/\/ozangrupsavunma.com.tr\/en\/hakkimizda\/","title":{"rendered":"Hakk\u0131m\u0131zda"},"content":{"rendered":"<div data-elementor-type=\"wp-page\" data-elementor-id=\"151\" class=\"elementor elementor-151\" data-elementor-post-type=\"page\">\n\t\t\t\t\t\t<section class=\"elementor-section elementor-top-section elementor-element elementor-element-4b119794 elementor-section-boxed elementor-section-height-default elementor-section-height-default\" data-id=\"4b119794\" data-element_type=\"section\" data-settings=\"{&quot;background_background&quot;:&quot;classic&quot;}\">\n\t\t\t\t\t\t\t<div class=\"elementor-background-overlay\"><\/div>\n\t\t\t\t\t\t\t<div class=\"elementor-container elementor-column-gap-default\">\n\t\t\t\t\t<div class=\"elementor-column elementor-col-100 elementor-top-column elementor-element elementor-element-11414dc3\" data-id=\"11414dc3\" data-element_type=\"column\">\n\t\t\t<div class=\"elementor-widget-wrap elementor-element-populated\">\n\t\t\t\t\t\t<div class=\"elementor-element elementor-element-47b021c2 elementor-icon-list--layout-inline elementor-align-center elementor-list-item-link-full_width elementor-widget elementor-widget-icon-list\" data-id=\"47b021c2\" data-element_type=\"widget\" data-widget_type=\"icon-list.default\">\n\t\t\t\t<div class=\"elementor-widget-container\">\n\t\t\t\t\t\t\t<ul class=\"elementor-icon-list-items elementor-inline-items\">\n\t\t\t\t\t\t\t<li class=\"elementor-icon-list-item elementor-inline-item\">\n\t\t\t\t\t\t\t\t\t\t<span class=\"elementor-icon-list-text\">ANASAYFA<\/span>\n\t\t\t\t\t\t\t\t\t<\/li>\n\t\t\t\t\t\t\t\t<li class=\"elementor-icon-list-item elementor-inline-item\">\n\t\t\t\t\t\t\t\t\t\t\t<span class=\"elementor-icon-list-icon\">\n\t\t\t\t\t\t\t<i aria-hidden=\"true\" class=\"icon icon-right-arrow2\"><\/i>\t\t\t\t\t\t<\/span>\n\t\t\t\t\t\t\t\t\t\t<span class=\"elementor-icon-list-text\">Hakk\u0131m\u0131zda<\/span>\n\t\t\t\t\t\t\t\t\t<\/li>\n\t\t\t\t\t\t<\/ul>\n\t\t\t\t\t\t<\/div>\n\t\t\t\t<\/div>\n\t\t\t\t<div class=\"elementor-element elementor-element-1f4b1749 elementor-widget elementor-widget-heading\" data-id=\"1f4b1749\" data-element_type=\"widget\" data-widget_type=\"heading.default\">\n\t\t\t\t<div class=\"elementor-widget-container\">\n\t\t\t\t\t<h1 class=\"elementor-heading-title elementor-size-default\">Hakk\u0131m\u0131zda<\/h1>\t\t\t\t<\/div>\n\t\t\t\t<\/div>\n\t\t\t\t\t<\/div>\n\t\t<\/div>\n\t\t\t\t\t<\/div>\n\t\t<\/section>\n\t\t\t\t<section class=\"elementor-section elementor-top-section elementor-element elementor-element-34a7397d elementor-reverse-mobile elementor-section-boxed elementor-section-height-default elementor-section-height-default\" data-id=\"34a7397d\" data-element_type=\"section\">\n\t\t\t\t\t\t\t<div class=\"elementor-background-overlay\"><\/div>\n\t\t\t\t\t\t\t<div class=\"elementor-container elementor-column-gap-default\">\n\t\t\t\t\t<div class=\"elementor-column elementor-col-50 elementor-top-column elementor-element elementor-element-11e0bff\" data-id=\"11e0bff\" data-element_type=\"column\">\n\t\t\t<div class=\"elementor-widget-wrap elementor-element-populated\">\n\t\t\t\t\t\t<div class=\"elementor-element elementor-element-207bdb29 elementor-widget elementor-widget-image\" data-id=\"207bdb29\" data-element_type=\"widget\" data-widget_type=\"image.default\">\n\t\t\t\t<div class=\"elementor-widget-container\">\n\t\t\t\t\t\t\t\t\t\t\t\t\t\t\t<img fetchpriority=\"high\" decoding=\"async\" width=\"2000\" height=\"1333\" src=\"https:\/\/ozangrupsavunma.com.tr\/wp-content\/uploads\/2025\/05\/ant.png\" class=\"attachment-full size-full wp-image-245\" alt=\"\" srcset=\"https:\/\/ozangrupsavunma.com.tr\/wp-content\/uploads\/2025\/05\/ant.png 2000w, https:\/\/ozangrupsavunma.com.tr\/wp-content\/uploads\/2025\/05\/ant-300x200.png 300w, https:\/\/ozangrupsavunma.com.tr\/wp-content\/uploads\/2025\/05\/ant-1024x682.png 1024w, https:\/\/ozangrupsavunma.com.tr\/wp-content\/uploads\/2025\/05\/ant-768x512.png 768w, https:\/\/ozangrupsavunma.com.tr\/wp-content\/uploads\/2025\/05\/ant-1536x1024.png 1536w\" sizes=\"(max-width: 2000px) 100vw, 2000px\" \/>\t\t\t\t\t\t\t\t\t\t\t\t\t\t\t<\/div>\n\t\t\t\t<\/div>\n\t\t\t\t\t<\/div>\n\t\t<\/div>\n\t\t\t\t<div class=\"elementor-column elementor-col-50 elementor-top-column elementor-element elementor-element-4ad09a1f\" data-id=\"4ad09a1f\" data-element_type=\"column\">\n\t\t\t<div class=\"elementor-widget-wrap elementor-element-populated\">\n\t\t\t\t\t\t<div class=\"elementor-element elementor-element-4261a1a2 elementor-widget elementor-widget-elementskit-heading\" data-id=\"4261a1a2\" data-element_type=\"widget\" data-widget_type=\"elementskit-heading.default\">\n\t\t\t\t<div class=\"elementor-widget-container\">\n\t\t\t\t\t<div class=\"ekit-wid-con\" ><div class=\"ekit-heading elementskit-section-title-wraper text_left   ekit_heading_tablet-text_left   ekit_heading_mobile-text_center\"><h6 class=\"elementskit-section-subtitle\">\n\t\t\t\t\t\tHAKKIMIZDA\n\t\t\t\t\t<\/h6><h2 class=\"ekit-heading--title elementskit-section-title\">Savunma Teknolojilerinde G\u00fc\u00e7l\u00fc Bir <span><span>\u00c7\u00f6z\u00fcm Orta\u011f\u0131<\/span><\/span><\/h2><\/div><\/div>\t\t\t\t<\/div>\n\t\t\t\t<\/div>\n\t\t\t\t<div class=\"elementor-element elementor-element-68eba519 elementor-widget elementor-widget-text-editor\" data-id=\"68eba519\" data-element_type=\"widget\" data-widget_type=\"text-editor.default\">\n\t\t\t\t<div class=\"elementor-widget-container\">\n\t\t\t\t\t\t\t\t\t<p>Ozan Grup Savunma, savunma sanayisinin geli\u015fen ihtiya\u00e7lar\u0131na y\u00f6nelik olarak elektro-optik sistemler, lazerli mesafe \u00f6l\u00e7\u00fcm ekipmanlar\u0131 ve t\u00fcm spektrumda g\u00f6r\u00fcnt\u00fcleme \u00e7\u00f6z\u00fcmleri sunmaktad\u0131r. \u00dcniversiteler, ara\u015ft\u0131rma merkezleri ve savunma sanayi kurulu\u015flar\u0131yla i\u015f birli\u011fi i\u00e7inde; y\u00fcksek teknolojiye dayal\u0131, entegre ve saha odakl\u0131 \u00e7\u00f6z\u00fcmler \u00fcretmektedir. 10 y\u0131l\u0131 a\u015fk\u0131n tecr\u00fcbesi ve uluslararas\u0131 i\u015f ortakl\u0131klar\u0131yla, g\u00fcvenilir teknik destek ve uzun vadeli uygulama ortakl\u0131\u011f\u0131 vizyonunu benimsemektedir.<\/p>\t\t\t\t\t\t\t\t<\/div>\n\t\t\t\t<\/div>\n\t\t\t\t<div class=\"elementor-element elementor-element-3eb36b19 elementor-mobile-align-center elementor-widget elementor-widget-button\" data-id=\"3eb36b19\" data-element_type=\"widget\" data-widget_type=\"button.default\">\n\t\t\t\t<div class=\"elementor-widget-container\">\n\t\t\t\t\t\t\t\t\t<div class=\"elementor-button-wrapper\">\n\t\t\t\t\t<a class=\"elementor-button elementor-button-link elementor-size-md\" href=\"https:\/\/ozangrupsavunma.com.tr\/en\/iletisim\/\">\n\t\t\t\t\t\t<span class=\"elementor-button-content-wrapper\">\n\t\t\t\t\t\t<span class=\"elementor-button-icon\">\n\t\t\t\t<i aria-hidden=\"true\" class=\"icon icon-arrow-right\"><\/i>\t\t\t<\/span>\n\t\t\t\t\t\t\t\t\t<span class=\"elementor-button-text\">ileti\u015fim<\/span>\n\t\t\t\t\t<\/span>\n\t\t\t\t\t<\/a>\n\t\t\t\t<\/div>\n\t\t\t\t\t\t\t\t<\/div>\n\t\t\t\t<\/div>\n\t\t\t\t\t<\/div>\n\t\t<\/div>\n\t\t\t\t\t<\/div>\n\t\t<\/section>\n\t\t\t\t<section class=\"elementor-section elementor-top-section elementor-element elementor-element-249f5a82 elementor-section-content-middle elementor-section-boxed elementor-section-height-default elementor-section-height-default\" data-id=\"249f5a82\" data-element_type=\"section\" data-settings=\"{&quot;background_background&quot;:&quot;classic&quot;}\">\n\t\t\t\t\t\t\t<div class=\"elementor-background-overlay\"><\/div>\n\t\t\t\t\t\t\t<div class=\"elementor-container elementor-column-gap-default\">\n\t\t\t\t\t<div class=\"elementor-column elementor-col-50 elementor-top-column elementor-element elementor-element-24fa5350\" data-id=\"24fa5350\" data-element_type=\"column\" data-settings=\"{&quot;background_background&quot;:&quot;classic&quot;}\">\n\t\t\t<div class=\"elementor-widget-wrap elementor-element-populated\">\n\t\t\t\t\t\t<div class=\"elementor-element elementor-element-618ef531 elementor-widget elementor-widget-elementskit-heading\" data-id=\"618ef531\" data-element_type=\"widget\" data-widget_type=\"elementskit-heading.default\">\n\t\t\t\t<div class=\"elementor-widget-container\">\n\t\t\t\t\t<div class=\"ekit-wid-con\" ><div class=\"ekit-heading elementskit-section-title-wraper text_left   ekit_heading_tablet-text_center   ekit_heading_mobile-text_center\"><h6 class=\"elementskit-section-subtitle\">\n\t\t\t\t\t\tNELER YAPIYORUZ\n\t\t\t\t\t<\/h6><h2 class=\"ekit-heading--title elementskit-section-title\"><span><span>Elektro-Optik<\/span><\/span> \u00c7\u00f6z\u00fcmlerle Sahada <span><span>\u00dcst\u00fcn Performans<\/span><\/span> <\/h2><\/div><\/div>\t\t\t\t<\/div>\n\t\t\t\t<\/div>\n\t\t\t\t<div class=\"elementor-element elementor-element-1f82747c elementor-widget elementor-widget-text-editor\" data-id=\"1f82747c\" data-element_type=\"widget\" data-widget_type=\"text-editor.default\">\n\t\t\t\t<div class=\"elementor-widget-container\">\n\t\t\t\t\t\t\t\t\t<p>Ozan Grup Savunma, askeri ve end\u00fcstriyel uygulamalar i\u00e7in lazer i\u015faretleme, mesafe \u00f6l\u00e7me, termal g\u00f6r\u00fcnt\u00fcleme ve g\u00fcnd\u00fcz g\u00f6r\u00fc\u015f sistemleri gibi elektro-optik \u00e7\u00f6z\u00fcmler sunmaktad\u0131r. Blok kameralar, PTZ sistemler, gimbal \u00e7\u00f6z\u00fcmleri ve entegre EO sistemleri ile sabit ve mobil platformlara y\u00f6nelik y\u00fcksek hassasiyetli \u00fcr\u00fcnler geli\u015ftirmekteyiz. Ar-Ge odakl\u0131 yakla\u015f\u0131m\u0131m\u0131zla, kullan\u0131c\u0131 ihtiya\u00e7lar\u0131na g\u00f6re \u00f6zelle\u015ftirilebilir sistemler tasarl\u0131yor; entegrasyon, test ve teknik destek s\u00fcre\u00e7lerini de b\u00fct\u00fcnsel olarak y\u00fcr\u00fct\u00fcyoruz.<\/p>\t\t\t\t\t\t\t\t<\/div>\n\t\t\t\t<\/div>\n\t\t\t\t\t<\/div>\n\t\t<\/div>\n\t\t\t\t<div class=\"elementor-column elementor-col-50 elementor-top-column elementor-element elementor-element-34eba2ac\" data-id=\"34eba2ac\" data-element_type=\"column\">\n\t\t\t<div class=\"elementor-widget-wrap elementor-element-populated\">\n\t\t\t\t\t\t<div class=\"elementor-element elementor-element-380fa5e6 animated-slow elementor-widget__width-auto elementor-invisible elementor-widget elementor-widget-image\" data-id=\"380fa5e6\" data-element_type=\"widget\" data-settings=\"{&quot;motion_fx_motion_fx_mouse&quot;:&quot;yes&quot;,&quot;motion_fx_mouseTrack_effect&quot;:&quot;yes&quot;,&quot;_animation&quot;:&quot;zoomInUp&quot;,&quot;_animation_delay&quot;:1000,&quot;motion_fx_mouseTrack_speed&quot;:{&quot;unit&quot;:&quot;px&quot;,&quot;size&quot;:1,&quot;sizes&quot;:[]}}\" data-widget_type=\"image.default\">\n\t\t\t\t<div class=\"elementor-widget-container\">\n\t\t\t\t\t\t\t\t\t\t\t\t\t\t\t<img decoding=\"async\" width=\"500\" height=\"500\" src=\"https:\/\/ozangrupsavunma.com.tr\/wp-content\/uploads\/2025\/05\/SS-1.png\" class=\"attachment-full size-full wp-image-243\" alt=\"\" srcset=\"https:\/\/ozangrupsavunma.com.tr\/wp-content\/uploads\/2025\/05\/SS-1.png 500w, https:\/\/ozangrupsavunma.com.tr\/wp-content\/uploads\/2025\/05\/SS-1-300x300.png 300w, https:\/\/ozangrupsavunma.com.tr\/wp-content\/uploads\/2025\/05\/SS-1-150x150.png 150w\" sizes=\"(max-width: 500px) 100vw, 500px\" \/>\t\t\t\t\t\t\t\t\t\t\t\t\t\t\t<\/div>\n\t\t\t\t<\/div>\n\t\t\t\t\t<\/div>\n\t\t<\/div>\n\t\t\t\t\t<\/div>\n\t\t<\/section>\n\t\t\t\t<section class=\"elementor-section elementor-top-section elementor-element elementor-element-77bf632 elementor-section-boxed elementor-section-height-default elementor-section-height-default\" data-id=\"77bf632\" data-element_type=\"section\">\n\t\t\t\t\t\t<div class=\"elementor-container elementor-column-gap-default\">\n\t\t\t\t\t<div class=\"elementor-column elementor-col-100 elementor-top-column elementor-element elementor-element-153991d6\" data-id=\"153991d6\" data-element_type=\"column\">\n\t\t\t<div class=\"elementor-widget-wrap elementor-element-populated\">\n\t\t\t\t\t\t<div class=\"elementor-element elementor-element-26abdbbb elementor-widget elementor-widget-heading\" data-id=\"26abdbbb\" data-element_type=\"widget\" data-widget_type=\"heading.default\">\n\t\t\t\t<div class=\"elementor-widget-container\">\n\t\t\t\t\t<h2 class=\"elementor-heading-title elementor-size-default\">250+ Projede G\u00fcvenle Tercih Edildik<\/h2>\t\t\t\t<\/div>\n\t\t\t\t<\/div>\n\t\t\t\t<div class=\"elementor-element elementor-element-49ebc7ec elementor-widget elementor-widget-text-editor\" data-id=\"49ebc7ec\" data-element_type=\"widget\" data-widget_type=\"text-editor.default\">\n\t\t\t\t<div class=\"elementor-widget-container\">\n\t\t\t\t\t\t\t\t\t<p>Savunma teknolojilerinde g\u00fcven, do\u011fruluk ve \u00e7\u00f6z\u00fcm odakl\u0131l\u0131k ilkemizle; kamu, \u00f6zel sekt\u00f6r ve ara\u015ft\u0131rma kurulu\u015flar\u0131n\u0131n \u00e7\u00f6z\u00fcm orta\u011f\u0131y\u0131z. Elektro-optik sistemlerde edindi\u011fimiz m\u00fchendislik tecr\u00fcbesiyle s\u0131n\u0131r g\u00fcvenli\u011finden \u0130HA sistemlerine kadar pek \u00e7ok kritik projede yer ald\u0131k.<\/p>\t\t\t\t\t\t\t\t<\/div>\n\t\t\t\t<\/div>\n\t\t\t\t<section class=\"elementor-section elementor-inner-section elementor-element elementor-element-ded2519 elementor-section-boxed elementor-section-height-default elementor-section-height-default\" data-id=\"ded2519\" data-element_type=\"section\">\n\t\t\t\t\t\t<div class=\"elementor-container elementor-column-gap-default\">\n\t\t\t\t\t<div class=\"elementor-column elementor-col-25 elementor-inner-column elementor-element elementor-element-4f912406\" data-id=\"4f912406\" data-element_type=\"column\">\n\t\t\t<div class=\"elementor-widget-wrap elementor-element-populated\">\n\t\t\t\t\t\t<div class=\"elementor-element elementor-element-288c041d elementor-widget elementor-widget-premium-counter\" data-id=\"288c041d\" data-element_type=\"widget\" data-widget_type=\"premium-counter.default\">\n\t\t\t\t<div class=\"elementor-widget-container\">\n\t\t\t\t\t\r\n\t\t<div class=\"premium-counter premium-counter-area left\" data-duration=\"3000\" data-from-value=\"0\" data-to-value=\"85\" data-delimiter=\",\" data-rounding=\"0\">\r\n\t\t\t\r\n\t\t<div class=\"premium-counter-icon\">\r\n\r\n\t\t\t<span class=\"icon\" data-animation=\"fadeInUp\">\r\n\r\n\t\t\t\t\t\t\t\t\t<i class=\"premium-svg-nodraw premium-drawable-icon icon icon-users\" aria-hidden=\"true\"><\/i>\r\n\t\t\t\t\r\n\t\t\t<\/span>\r\n\t\t<\/div>\r\n\r\n\t\t\r\n\t\t<div class=\"premium-init-wrapper column\">\r\n\r\n\t\t\t<div class=\"premium-counter-value-wrap\">\r\n\t\t\t\t\r\n\t\t\t\t<span class=\"premium-counter-init\" id=\"counter-288c041d\">0<\/span>\r\n\r\n\t\t\t\t\t\t\t\t\t<span id=\"suffix\" class=\"counter-su-pre\">+<\/span>\r\n\t\t\t\t\t\t\t<\/div>\r\n\r\n\t\t\t\t\t\t\t<div class=\"premium-counter-title\">\r\n\t\t\t\t\t<p class=\"premium-counter-title-val\">\r\n\t\t\t\t\t\tKurumsal M\u00fc\u015fteri\t\t\t\t\t<\/p>\r\n\t\t\t\t\t\t\t\t\t<\/div>\r\n\t\t\t\t\t<\/div>\r\n\r\n\t\t\t\t<\/div>\r\n\r\n\t\t\t\t\t\t<\/div>\n\t\t\t\t<\/div>\n\t\t\t\t\t<\/div>\n\t\t<\/div>\n\t\t\t\t<div class=\"elementor-column elementor-col-25 elementor-inner-column elementor-element elementor-element-21b3989d\" data-id=\"21b3989d\" data-element_type=\"column\">\n\t\t\t<div class=\"elementor-widget-wrap elementor-element-populated\">\n\t\t\t\t\t\t<div class=\"elementor-element elementor-element-297a3652 elementor-widget elementor-widget-premium-counter\" data-id=\"297a3652\" data-element_type=\"widget\" data-widget_type=\"premium-counter.default\">\n\t\t\t\t<div class=\"elementor-widget-container\">\n\t\t\t\t\t\r\n\t\t<div class=\"premium-counter premium-counter-area left\" data-duration=\"3000\" data-from-value=\"0\" data-to-value=\"125\" data-delimiter=\",\" data-rounding=\"0\">\r\n\t\t\t\r\n\t\t<div class=\"premium-counter-icon\">\r\n\r\n\t\t\t<span class=\"icon\" data-animation=\"fadeInUp\">\r\n\r\n\t\t\t\t\t\t\t\t\t<i class=\"premium-svg-nodraw premium-drawable-icon icon icon-camera-video\" aria-hidden=\"true\"><\/i>\r\n\t\t\t\t\r\n\t\t\t<\/span>\r\n\t\t<\/div>\r\n\r\n\t\t\r\n\t\t<div class=\"premium-init-wrapper column\">\r\n\r\n\t\t\t<div class=\"premium-counter-value-wrap\">\r\n\t\t\t\t\r\n\t\t\t\t<span class=\"premium-counter-init\" id=\"counter-297a3652\">0<\/span>\r\n\r\n\t\t\t\t\t\t\t\t\t<span id=\"suffix\" class=\"counter-su-pre\">+<\/span>\r\n\t\t\t\t\t\t\t<\/div>\r\n\r\n\t\t\t\t\t\t\t<div class=\"premium-counter-title\">\r\n\t\t\t\t\t<p class=\"premium-counter-title-val\">\r\n\t\t\t\t\t\tEntegre Sistem Teslimat\u0131\t\t\t\t\t<\/p>\r\n\t\t\t\t\t\t\t\t\t<\/div>\r\n\t\t\t\t\t<\/div>\r\n\r\n\t\t\t\t<\/div>\r\n\r\n\t\t\t\t\t\t<\/div>\n\t\t\t\t<\/div>\n\t\t\t\t\t<\/div>\n\t\t<\/div>\n\t\t\t\t<div class=\"elementor-column elementor-col-25 elementor-inner-column elementor-element elementor-element-100cc4e1\" data-id=\"100cc4e1\" data-element_type=\"column\">\n\t\t\t<div class=\"elementor-widget-wrap elementor-element-populated\">\n\t\t\t\t\t\t<div class=\"elementor-element elementor-element-22ab1b6 elementor-widget elementor-widget-premium-counter\" data-id=\"22ab1b6\" data-element_type=\"widget\" data-widget_type=\"premium-counter.default\">\n\t\t\t\t<div class=\"elementor-widget-container\">\n\t\t\t\t\t\r\n\t\t<div class=\"premium-counter premium-counter-area left\" data-duration=\"3000\" data-from-value=\"0\" data-to-value=\"65\" data-delimiter=\",\" data-rounding=\"0\">\r\n\t\t\t\r\n\t\t<div class=\"premium-counter-icon\">\r\n\r\n\t\t\t<span class=\"icon\" data-animation=\"fadeInUp\">\r\n\r\n\t\t\t\t\t\t\t\t\t<i class=\"premium-svg-nodraw premium-drawable-icon icon icon-picture\" aria-hidden=\"true\"><\/i>\r\n\t\t\t\t\r\n\t\t\t<\/span>\r\n\t\t<\/div>\r\n\r\n\t\t\r\n\t\t<div class=\"premium-init-wrapper column\">\r\n\r\n\t\t\t<div class=\"premium-counter-value-wrap\">\r\n\t\t\t\t\r\n\t\t\t\t<span class=\"premium-counter-init\" id=\"counter-22ab1b6\">0<\/span>\r\n\r\n\t\t\t\t\t\t\t\t\t<span id=\"suffix\" class=\"counter-su-pre\">+<\/span>\r\n\t\t\t\t\t\t\t<\/div>\r\n\r\n\t\t\t\t\t\t\t<div class=\"premium-counter-title\">\r\n\t\t\t\t\t<p class=\"premium-counter-title-val\">\r\n\t\t\t\t\t\tSavunma Sanayi Projesi\t\t\t\t\t<\/p>\r\n\t\t\t\t\t\t\t\t\t<\/div>\r\n\t\t\t\t\t<\/div>\r\n\r\n\t\t\t\t<\/div>\r\n\r\n\t\t\t\t\t\t<\/div>\n\t\t\t\t<\/div>\n\t\t\t\t\t<\/div>\n\t\t<\/div>\n\t\t\t\t<div class=\"elementor-column elementor-col-25 elementor-inner-column elementor-element elementor-element-2a6c9806\" data-id=\"2a6c9806\" data-element_type=\"column\">\n\t\t\t<div class=\"elementor-widget-wrap elementor-element-populated\">\n\t\t\t\t\t\t<div class=\"elementor-element elementor-element-3a3f757e elementor-widget elementor-widget-premium-counter\" data-id=\"3a3f757e\" data-element_type=\"widget\" data-widget_type=\"premium-counter.default\">\n\t\t\t\t<div class=\"elementor-widget-container\">\n\t\t\t\t\t\r\n\t\t<div class=\"premium-counter premium-counter-area left\" data-duration=\"3000\" data-from-value=\"0\" data-to-value=\"12\" data-delimiter=\",\" data-rounding=\"0\">\r\n\t\t\t\r\n\t\t<div class=\"premium-counter-icon\">\r\n\r\n\t\t\t<span class=\"icon\" data-animation=\"fadeInUp\">\r\n\r\n\t\t\t\t\t\t\t\t\t<i class=\"premium-svg-nodraw premium-drawable-icon icon icon-medal1\" aria-hidden=\"true\"><\/i>\r\n\t\t\t\t\r\n\t\t\t<\/span>\r\n\t\t<\/div>\r\n\r\n\t\t\r\n\t\t<div class=\"premium-init-wrapper column\">\r\n\r\n\t\t\t<div class=\"premium-counter-value-wrap\">\r\n\t\t\t\t\r\n\t\t\t\t<span class=\"premium-counter-init\" id=\"counter-3a3f757e\">0<\/span>\r\n\r\n\t\t\t\t\t\t\t\t\t<span id=\"suffix\" class=\"counter-su-pre\">+<\/span>\r\n\t\t\t\t\t\t\t<\/div>\r\n\r\n\t\t\t\t\t\t\t<div class=\"premium-counter-title\">\r\n\t\t\t\t\t<p class=\"premium-counter-title-val\">\r\n\t\t\t\t\t\tUlusal ve Uluslararas\u0131 \u0130\u015f Birli\u011fi\t\t\t\t\t<\/p>\r\n\t\t\t\t\t\t\t\t\t<\/div>\r\n\t\t\t\t\t<\/div>\r\n\r\n\t\t\t\t<\/div>\r\n\r\n\t\t\t\t\t\t<\/div>\n\t\t\t\t<\/div>\n\t\t\t\t\t<\/div>\n\t\t<\/div>\n\t\t\t\t\t<\/div>\n\t\t<\/section>\n\t\t\t\t\t<\/div>\n\t\t<\/div>\n\t\t\t\t\t<\/div>\n\t\t<\/section>\n\t\t\t\t<section class=\"elementor-section elementor-top-section elementor-element elementor-element-50e61d5c elementor-section-content-middle elementor-section-boxed elementor-section-height-default elementor-section-height-default\" data-id=\"50e61d5c\" data-element_type=\"section\" data-settings=\"{&quot;background_background&quot;:&quot;classic&quot;}\">\n\t\t\t\t\t\t\t<div class=\"elementor-background-overlay\"><\/div>\n\t\t\t\t\t\t\t<div class=\"elementor-container elementor-column-gap-default\">\n\t\t\t\t\t<div class=\"elementor-column elementor-col-50 elementor-top-column elementor-element elementor-element-4257b1b5\" data-id=\"4257b1b5\" data-element_type=\"column\">\n\t\t\t<div class=\"elementor-widget-wrap elementor-element-populated\">\n\t\t\t\t\t\t<div class=\"elementor-element elementor-element-14aa8b5c elementor-widget elementor-widget-heading\" data-id=\"14aa8b5c\" data-element_type=\"widget\" data-widget_type=\"heading.default\">\n\t\t\t\t<div class=\"elementor-widget-container\">\n\t\t\t\t\t<h6 class=\"elementor-heading-title elementor-size-default\">\u0130LET\u0130\u015e\u0130M<\/h6>\t\t\t\t<\/div>\n\t\t\t\t<\/div>\n\t\t\t\t<div class=\"elementor-element elementor-element-7281ce02 elementor-widget elementor-widget-heading\" data-id=\"7281ce02\" data-element_type=\"widget\" data-widget_type=\"heading.default\">\n\t\t\t\t<div class=\"elementor-widget-container\">\n\t\t\t\t\t<h4 class=\"elementor-heading-title elementor-size-default\">G\u00fcvenli Gelecek \u0130\u00e7in Y\u00fcksek Teknoloji<\/h4>\t\t\t\t<\/div>\n\t\t\t\t<\/div>\n\t\t\t\t<div class=\"elementor-element elementor-element-1380b69e elementor-widget elementor-widget-heading\" data-id=\"1380b69e\" data-element_type=\"widget\" data-widget_type=\"heading.default\">\n\t\t\t\t<div class=\"elementor-widget-container\">\n\t\t\t\t\t<h1 class=\"elementor-heading-title elementor-size-default\">Savunma ve g\u00fcvenlik projelerinizde yan\u0131n\u0131zday\u0131z.<\/h1>\t\t\t\t<\/div>\n\t\t\t\t<\/div>\n\t\t\t\t<div class=\"elementor-element elementor-element-5410ac69 elementor-align-left elementor-mobile-align-center elementor-widget elementor-widget-button\" data-id=\"5410ac69\" data-element_type=\"widget\" data-widget_type=\"button.default\">\n\t\t\t\t<div class=\"elementor-widget-container\">\n\t\t\t\t\t\t\t\t\t<div class=\"elementor-button-wrapper\">\n\t\t\t\t\t<a class=\"elementor-button elementor-button-link elementor-size-md\" href=\"https:\/\/ozangrupsavunma.com.tr\/en\/iletisim\/\">\n\t\t\t\t\t\t<span class=\"elementor-button-content-wrapper\">\n\t\t\t\t\t\t\t\t\t<span class=\"elementor-button-text\">Bize Ula\u015f\u0131n<\/span>\n\t\t\t\t\t<\/span>\n\t\t\t\t\t<\/a>\n\t\t\t\t<\/div>\n\t\t\t\t\t\t\t\t<\/div>\n\t\t\t\t<\/div>\n\t\t\t\t\t<\/div>\n\t\t<\/div>\n\t\t\t\t<div class=\"elementor-column elementor-col-50 elementor-top-column elementor-element elementor-element-7d3947f4\" data-id=\"7d3947f4\" data-element_type=\"column\">\n\t\t\t<div class=\"elementor-widget-wrap\">\n\t\t\t\t\t\t\t<\/div>\n\t\t<\/div>\n\t\t\t\t\t<\/div>\n\t\t<\/section>\n\t\t\t\t<\/div>","protected":false},"excerpt":{"rendered":"<p>ANASAYFA HAKKIMIZDA Savunma Teknolojilerinde G\u00fc\u00e7l\u00fc Bir \u00c7\u00f6z\u00fcm Orta\u011f\u0131 Ozan Grup Savunma, savunma sanayisinin geli\u015fen ihtiya\u00e7lar\u0131na y\u00f6nelik olarak elektro-optik sistemler, lazerli mesafe \u00f6l\u00e7\u00fcm ekipmanlar\u0131 ve t\u00fcm spektrumda g\u00f6r\u00fcnt\u00fcleme \u00e7\u00f6z\u00fcmleri sunmaktad\u0131r. \u00dcniversiteler, ara\u015ft\u0131rma merkezleri ve savunma sanayi kurulu\u015flar\u0131yla i\u015f birli\u011fi i\u00e7inde; y\u00fcksek teknolojiye dayal\u0131, entegre ve saha odakl\u0131 \u00e7\u00f6z\u00fcmler \u00fcretmektedir. 10 y\u0131l\u0131 a\u015fk\u0131n tecr\u00fcbesi ve uluslararas\u0131 i\u015f [&hellip;]<\/p>","protected":false},"author":1,"featured_media":0,"parent":0,"menu_order":0,"comment_status":"closed","ping_status":"closed","template":"elementor_header_footer","meta":{"footnotes":""},"class_list":["post-151","page","type-page","status-publish","hentry"],"_links":{"self":[{"href":"https:\/\/ozangrupsavunma.com.tr\/en\/wp-json\/wp\/v2\/pages\/151","targetHints":{"allow":["GET"]}}],"collection":[{"href":"https:\/\/ozangrupsavunma.com.tr\/en\/wp-json\/wp\/v2\/pages"}],"about":[{"href":"https:\/\/ozangrupsavunma.com.tr\/en\/wp-json\/wp\/v2\/types\/page"}],"author":[{"embeddable":true,"href":"https:\/\/ozangrupsavunma.com.tr\/en\/wp-json\/wp\/v2\/users\/1"}],"replies":[{"embeddable":true,"href":"https:\/\/ozangrupsavunma.com.tr\/en\/wp-json\/wp\/v2\/comments?post=151"}],"version-history":[{"count":10,"href":"https:\/\/ozangrupsavunma.com.tr\/en\/wp-json\/wp\/v2\/pages\/151\/revisions"}],"predecessor-version":[{"id":248,"href":"https:\/\/ozangrupsavunma.com.tr\/en\/wp-json\/wp\/v2\/pages\/151\/revisions\/248"}],"wp:attachment":[{"href":"https:\/\/ozangrupsavunma.com.tr\/en\/wp-json\/wp\/v2\/media?parent=151"}],"curies":[{"name":"wp","href":"https:\/\/api.w.org\/{rel}","templated":true}]}}